{"id":5498,"date":"2022-04-17T07:38:04","date_gmt":"2022-04-17T05:38:04","guid":{"rendered":"https:\/\/lagarlospilones.es\/conocenos\/"},"modified":"2022-09-15T09:54:56","modified_gmt":"2022-09-15T07:54:56","slug":"conocenos","status":"publish","type":"page","link":"https:\/\/lagarlospilones.es\/es\/conocenos\/","title":{"rendered":"Contacto"},"content":{"rendered":"\t\t<div data-elementor-type=\"wp-page\" data-elementor-id=\"5498\" class=\"elementor elementor-5498 elementor-3017\" data-elementor-post-type=\"page\">\n\t\t\t\t<div class=\"premium-parallax-section-hide elementor-element elementor-element-84f29f2 premium-parallax-yes e-con-full e-flex e-con e-parent\" data-pa-parallax=\"{&quot;type&quot;:&quot;scroll&quot;,&quot;speed&quot;:0.7,&quot;android&quot;:0,&quot;ios&quot;:0,&quot;size&quot;:&quot;cover&quot;,&quot;repeat&quot;:&quot;no-repeat&quot;}\" data-id=\"84f29f2\" data-element_type=\"container\" data-e-type=\"container\" data-settings=\"{&quot;background_background&quot;:&quot;classic&quot;,&quot;motion_fx_motion_fx_scrolling&quot;:&quot;yes&quot;,&quot;motion_fx_devices&quot;:[&quot;desktop&quot;,&quot;tablet&quot;,&quot;mobile&quot;]}\">\n\t\t\t\t<div class=\"elementor-element elementor-element-cf71357 elementor-widget elementor-widget-google_maps\" data-id=\"cf71357\" data-element_type=\"widget\" data-e-type=\"widget\" data-widget_type=\"google_maps.default\">\n\t\t\t\t<div class=\"elementor-widget-container\">\n\t\t\t\t\t\t\t<div class=\"elementor-custom-embed\">\n\t\t\t<iframe loading=\"lazy\"\n\t\t\t\t\tsrc=\"https:\/\/maps.google.com\/maps?q=Lagar%20de%20Pilones&#038;t=m&#038;z=7&#038;output=embed&#038;iwloc=near\"\n\t\t\t\t\ttitle=\"Lagar de Pilones\"\n\t\t\t\t\taria-label=\"Lagar de Pilones\"\n\t\t\t><\/iframe>\n\t\t<\/div>\n\t\t\t\t\t\t<\/div>\n\t\t\t\t<\/div>\n\t\t\t\t<\/div>\n\t\t<div class=\"elementor-element elementor-element-1ab32f1 e-flex e-con-boxed e-con e-parent\" data-id=\"1ab32f1\" data-element_type=\"container\" data-e-type=\"container\">\n\t\t\t\t\t<div class=\"e-con-inner\">\n\t\t\t\t<div class=\"elementor-element elementor-element-6a2c54a elementor-invisible elementor-widget elementor-widget-heading\" data-id=\"6a2c54a\" data-element_type=\"widget\" data-e-type=\"widget\" data-settings=\"{&quot;_animation&quot;:&quot;fadeIn&quot;,&quot;_animation_delay&quot;:200}\" data-widget_type=\"heading.default\">\n\t\t\t\t<div class=\"elementor-widget-container\">\n\t\t\t\t\t<h2 class=\"elementor-heading-title elementor-size-default\">Datos de contacto<\/h2>\t\t\t\t<\/div>\n\t\t\t\t<\/div>\n\t\t\t\t<div class=\"elementor-element elementor-element-183f5d8 animated-slow elementor-widget-divider--view-line elementor-invisible elementor-widget elementor-widget-divider\" data-id=\"183f5d8\" data-element_type=\"widget\" data-e-type=\"widget\" data-settings=\"{&quot;_animation&quot;:&quot;zoomIn&quot;,&quot;_animation_delay&quot;:30}\" data-widget_type=\"divider.default\">\n\t\t\t\t<div class=\"elementor-widget-container\">\n\t\t\t\t\t\t\t<div class=\"elementor-divider\">\n\t\t\t<span class=\"elementor-divider-separator\">\n\t\t\t\t\t\t<\/span>\n\t\t<\/div>\n\t\t\t\t\t\t<\/div>\n\t\t\t\t<\/div>\n\t\t<div class=\"elementor-element elementor-element-749c2b9 e-con-full e-flex elementor-invisible e-con e-child\" data-id=\"749c2b9\" data-element_type=\"container\" data-e-type=\"container\" data-settings=\"{&quot;animation&quot;:&quot;fadeIn&quot;,&quot;animation_delay&quot;:500}\">\n\t\t\t\t<div class=\"elementor-element elementor-element-e6d59a3 elementor-position-block-start elementor-view-default elementor-mobile-position-block-start elementor-widget elementor-widget-icon-box\" data-id=\"e6d59a3\" data-element_type=\"widget\" data-e-type=\"widget\" data-widget_type=\"icon-box.default\">\n\t\t\t\t<div class=\"elementor-widget-container\">\n\t\t\t\t\t\t\t<div class=\"elementor-icon-box-wrapper\">\n\n\t\t\t\t\t\t<div class=\"elementor-icon-box-icon\">\n\t\t\t\t<a href=\"tel:+34600202789\" class=\"elementor-icon\" tabindex=\"-1\">\n\t\t\t\t<i aria-hidden=\"true\" class=\"fas fa-phone\"><\/i>\t\t\t\t<\/a>\n\t\t\t<\/div>\n\t\t\t\n\t\t\t\t\t\t<div class=\"elementor-icon-box-content\">\n\n\t\t\t\t\n\t\t\t\t\t\t\t\t\t<p class=\"elementor-icon-box-description\">\n\t\t\t\t\t\t+34 649 96 73 07\t\t\t\t\t<\/p>\n\t\t\t\t\n\t\t\t<\/div>\n\t\t\t\n\t\t<\/div>\n\t\t\t\t\t\t<\/div>\n\t\t\t\t<\/div>\n\t\t\t\t<div class=\"elementor-element elementor-element-aff00c7 elementor-position-block-start elementor-view-default elementor-mobile-position-block-start elementor-widget elementor-widget-icon-box\" data-id=\"aff00c7\" data-element_type=\"widget\" data-e-type=\"widget\" data-widget_type=\"icon-box.default\">\n\t\t\t\t<div class=\"elementor-widget-container\">\n\t\t\t\t\t\t\t<div class=\"elementor-icon-box-wrapper\">\n\n\t\t\t\t\t\t<div class=\"elementor-icon-box-icon\">\n\t\t\t\t<a href=\"mailto:info@lagarlospilones.es\" class=\"elementor-icon\" tabindex=\"-1\">\n\t\t\t\t<i aria-hidden=\"true\" class=\"fas fa-envelope\"><\/i>\t\t\t\t<\/a>\n\t\t\t<\/div>\n\t\t\t\n\t\t\t\t\t\t<div class=\"elementor-icon-box-content\">\n\n\t\t\t\t\n\t\t\t\t\t\t\t\t\t<p class=\"elementor-icon-box-description\">\n\t\t\t\t\t\tinfo@lagarlospilones.es\t\t\t\t\t<\/p>\n\t\t\t\t\n\t\t\t<\/div>\n\t\t\t\n\t\t<\/div>\n\t\t\t\t\t\t<\/div>\n\t\t\t\t<\/div>\n\t\t\t\t<div class=\"elementor-element elementor-element-04da878 elementor-position-block-start elementor-view-default elementor-mobile-position-block-start elementor-widget elementor-widget-icon-box\" data-id=\"04da878\" data-element_type=\"widget\" data-e-type=\"widget\" data-widget_type=\"icon-box.default\">\n\t\t\t\t<div class=\"elementor-widget-container\">\n\t\t\t\t\t\t\t<div class=\"elementor-icon-box-wrapper\">\n\n\t\t\t\t\t\t<div class=\"elementor-icon-box-icon\">\n\t\t\t\t<span  class=\"elementor-icon\">\n\t\t\t\t<i aria-hidden=\"true\" class=\"fas fa-map-marker-alt\"><\/i>\t\t\t\t<\/span>\n\t\t\t<\/div>\n\t\t\t\n\t\t\t\t\t\t<div class=\"elementor-icon-box-content\">\n\n\t\t\t\t\n\t\t\t\t\t\t\t\t\t<p class=\"elementor-icon-box-description\">\n\t\t\t\t\t\t29160 Casabermeja, M\u00e1laga (Espa\u00f1a)\n\t\t\t\t\t<\/p>\n\t\t\t\t\n\t\t\t<\/div>\n\t\t\t\n\t\t<\/div>\n\t\t\t\t\t\t<\/div>\n\t\t\t\t<\/div>\n\t\t\t\t<\/div>\n\t\t\t\t\t<\/div>\n\t\t\t\t<\/div>\n\t\t<div class=\"elementor-element elementor-element-590a7a8 e-flex e-con-boxed e-con e-parent\" data-id=\"590a7a8\" data-element_type=\"container\" data-e-type=\"container\">\n\t\t\t\t\t<div class=\"e-con-inner\">\n\t\t\t\t<div class=\"elementor-element elementor-element-a9513dd uael-img-grid__column-2 uael-img-grid-tablet__column-2 uael-img-grid-mobile__column-2 uael-ins-normal elementor-widget elementor-widget-uael-image-gallery\" data-id=\"a9513dd\" data-element_type=\"widget\" data-e-type=\"widget\" data-settings=\"{&quot;gallery_columns&quot;:&quot;2&quot;,&quot;gallery_columns_tablet&quot;:&quot;2&quot;,&quot;column_gap_mobile&quot;:{&quot;unit&quot;:&quot;px&quot;,&quot;size&quot;:10,&quot;sizes&quot;:[]},&quot;row_gap_mobile&quot;:{&quot;unit&quot;:&quot;px&quot;,&quot;size&quot;:10,&quot;sizes&quot;:[]},&quot;gallery_columns_mobile&quot;:&quot;2&quot;,&quot;column_gap&quot;:{&quot;unit&quot;:&quot;px&quot;,&quot;size&quot;:20,&quot;sizes&quot;:[]},&quot;column_gap_tablet&quot;:{&quot;unit&quot;:&quot;px&quot;,&quot;size&quot;:&quot;&quot;,&quot;sizes&quot;:[]},&quot;row_gap&quot;:{&quot;unit&quot;:&quot;px&quot;,&quot;size&quot;:20,&quot;sizes&quot;:[]},&quot;row_gap_tablet&quot;:{&quot;unit&quot;:&quot;px&quot;,&quot;size&quot;:&quot;&quot;,&quot;sizes&quot;:[]}}\" data-widget_type=\"uael-image-gallery.default\">\n\t\t\t\t<div class=\"elementor-widget-container\">\n\t\t\t\t\t<div class=\"uael-gallery-parent uael-caption- uael-gallery-unjustified\"><div class=\"uael-img-gallery-wrap uael-img-masonry-wrap uael-img-grid-masonry-wrap uael-masonry uael-image-lightbox-wrap\" data-filter-default=\"Todo\" data-lightbox_actions=\"[&quot;close&quot;]\" data-lightbox-gallery-loop=\"\"><div class=\"uael-grid-item  uael-img-gallery-item-1\"><div class=\"uael-grid-item-content\"><a class=\"uael-grid-img uael-grid-gallery-img uael-ins-hover elementor-clickable\" data-fancybox=\"uael-gallery\" href=\"https:\/\/lagarlospilones.es\/wp-content\/uploads\/DSC_1324-e1655846015502.jpg\" data-elementor-open-lightbox=\"no\"><div class=\"uael-grid-img-thumbnail uael-ins-target\"><img fetchpriority=\"high\" decoding=\"async\" width=\"800\" height=\"871\" src=\"https:\/\/lagarlospilones.es\/wp-content\/uploads\/DSC_1324-e1655846015502-940x1024.jpg\" class=\"attachment-large size-large wp-image-4085\" alt=\"Los Pilones - fuente\" srcset=\"https:\/\/lagarlospilones.es\/wp-content\/uploads\/DSC_1324-e1655846015502-940x1024.jpg 940w, https:\/\/lagarlospilones.es\/wp-content\/uploads\/DSC_1324-e1655846015502-275x300.jpg 275w, https:\/\/lagarlospilones.es\/wp-content\/uploads\/DSC_1324-e1655846015502-768x837.jpg 768w, https:\/\/lagarlospilones.es\/wp-content\/uploads\/DSC_1324-e1655846015502.jpg 1259w\" sizes=\"(max-width: 800px) 100vw, 800px\" \/><\/div><div class=\"uael-grid-img-overlay\"><\/div><\/a><\/div><\/div><div class=\"uael-grid-item  uael-img-gallery-item-2\"><div class=\"uael-grid-item-content\"><a class=\"uael-grid-img uael-grid-gallery-img uael-ins-hover elementor-clickable\" data-fancybox=\"uael-gallery\" href=\"https:\/\/lagarlospilones.es\/wp-content\/uploads\/Los-Pilones-web-13.jpg\" data-elementor-open-lightbox=\"no\"><div class=\"uael-grid-img-thumbnail uael-ins-target\"><img decoding=\"async\" width=\"683\" height=\"1024\" src=\"https:\/\/lagarlospilones.es\/wp-content\/uploads\/Los-Pilones-web-13-683x1024.jpg\" class=\"attachment-large size-large wp-image-4089\" alt=\"Los Pilones - exteriores\" srcset=\"https:\/\/lagarlospilones.es\/wp-content\/uploads\/Los-Pilones-web-13-683x1024.jpg 683w, https:\/\/lagarlospilones.es\/wp-content\/uploads\/Los-Pilones-web-13-200x300.jpg 200w, https:\/\/lagarlospilones.es\/wp-content\/uploads\/Los-Pilones-web-13-768x1152.jpg 768w, https:\/\/lagarlospilones.es\/wp-content\/uploads\/Los-Pilones-web-13-1024x1536.jpg 1024w, https:\/\/lagarlospilones.es\/wp-content\/uploads\/Los-Pilones-web-13.jpg 1365w\" sizes=\"(max-width: 683px) 100vw, 683px\" \/><\/div><div class=\"uael-grid-img-overlay\"><\/div><\/a><\/div><\/div><div class=\"uael-grid-item  uael-img-gallery-item-3\"><div class=\"uael-grid-item-content\"><a class=\"uael-grid-img uael-grid-gallery-img uael-ins-hover elementor-clickable\" data-fancybox=\"uael-gallery\" href=\"https:\/\/lagarlospilones.es\/wp-content\/uploads\/Los-Pilones-web-20.jpg\" data-elementor-open-lightbox=\"no\"><div class=\"uael-grid-img-thumbnail uael-ins-target\"><img decoding=\"async\" width=\"800\" height=\"534\" src=\"https:\/\/lagarlospilones.es\/wp-content\/uploads\/Los-Pilones-web-20-1024x683.jpg\" class=\"attachment-large size-large wp-image-4087\" alt=\"Los Pilones - exteriores\" srcset=\"https:\/\/lagarlospilones.es\/wp-content\/uploads\/Los-Pilones-web-20-1024x683.jpg 1024w, https:\/\/lagarlospilones.es\/wp-content\/uploads\/Los-Pilones-web-20-300x200.jpg 300w, https:\/\/lagarlospilones.es\/wp-content\/uploads\/Los-Pilones-web-20-768x512.jpg 768w, https:\/\/lagarlospilones.es\/wp-content\/uploads\/Los-Pilones-web-20-1536x1024.jpg 1536w, https:\/\/lagarlospilones.es\/wp-content\/uploads\/Los-Pilones-web-20.jpg 2048w\" sizes=\"(max-width: 800px) 100vw, 800px\" \/><\/div><div class=\"uael-grid-img-overlay\"><\/div><\/a><\/div><\/div><\/div><\/div>\t\t\t\t<\/div>\n\t\t\t\t<\/div>\n\t\t\t\t\t<\/div>\n\t\t\t\t<\/div>\n\t\t<div class=\"elementor-element elementor-element-1b36f2d e-flex e-con-boxed e-con e-parent\" data-id=\"1b36f2d\" data-element_type=\"container\" data-e-type=\"container\">\n\t\t\t\t\t<div class=\"e-con-inner\">\n\t\t<div class=\"elementor-element elementor-element-5627d1b e-con-full e-flex e-con e-child\" data-id=\"5627d1b\" data-element_type=\"container\" data-e-type=\"container\">\n\t\t\t\t<div class=\"elementor-element elementor-element-402ab21 elementor-invisible elementor-widget elementor-widget-heading\" data-id=\"402ab21\" data-element_type=\"widget\" data-e-type=\"widget\" data-settings=\"{&quot;_animation&quot;:&quot;fadeIn&quot;,&quot;_animation_delay&quot;:200}\" data-widget_type=\"heading.default\">\n\t\t\t\t<div class=\"elementor-widget-container\">\n\t\t\t\t\t<h2 class=\"elementor-heading-title elementor-size-default\">Cosas pr\u00e1cticas que debes saber<\/h2>\t\t\t\t<\/div>\n\t\t\t\t<\/div>\n\t\t\t\t<div class=\"elementor-element elementor-element-8490f12 animated-slow elementor-widget-divider--view-line elementor-invisible elementor-widget elementor-widget-divider\" data-id=\"8490f12\" data-element_type=\"widget\" data-e-type=\"widget\" data-settings=\"{&quot;_animation&quot;:&quot;zoomIn&quot;,&quot;_animation_delay&quot;:30}\" data-widget_type=\"divider.default\">\n\t\t\t\t<div class=\"elementor-widget-container\">\n\t\t\t\t\t\t\t<div class=\"elementor-divider\">\n\t\t\t<span class=\"elementor-divider-separator\">\n\t\t\t\t\t\t<\/span>\n\t\t<\/div>\n\t\t\t\t\t\t<\/div>\n\t\t\t\t<\/div>\n\t\t\t\t<div class=\"elementor-element elementor-element-2243c1c animated-slow elementor-invisible elementor-widget elementor-widget-text-editor\" data-id=\"2243c1c\" data-element_type=\"widget\" data-e-type=\"widget\" data-settings=\"{&quot;_animation&quot;:&quot;fadeIn&quot;,&quot;_animation_delay&quot;:500}\" data-widget_type=\"text-editor.default\">\n\t\t\t\t<div class=\"elementor-widget-container\">\n\t\t\t\t\t\t\t\t\t<ul><li>La ubicaci\u00f3n de Lagar los Pilones es realmente \u00fanica, cerca de todos los mejores destinos de Andaluc\u00eda, pero al mismo tiempo aislada y hermosa.<\/li><li>Se suministran toallas para la playa. As\u00ed tendr\u00e1s espacio en la maleta para llevar recuerdos en el camino de regreso.<\/li><li>Te proporcionamos le\u00f1a para las chimeneas a un precio muy asequible. As\u00ed puedes ahorrarte el tiempo de ir a comprarla.<\/li><li>Tenemos muchos juguetes que har\u00e1n que los m\u00e1s peque\u00f1os tambi\u00e9n se diviertan.<\/li><li>Si no tienes ganas de cocinar alg\u00fan d\u00eda, puedes pedir comida en algunos de los restaurantes locales.<\/li><li>Y si necesitas un taxi para ir al aeropuerto o a la casa, conocemos a alguien de confianza.<\/li><li>En Casabermeja hay un peque\u00f1o supermercado.<\/li><li>Tambi\u00e9n hay una gasolinera cercana donde se puede conseguir vino, pan o cualquier otra cosa cuando el supermercado est\u00e1 cerrado.<\/li><\/ul><p><span style=\"font-weight: 400;\">De todos modos, estaremos en contacto y te ayudar\u00e9 a resolver cualquier cosa que necesites.<\/span><\/p>\t\t\t\t\t\t\t\t<\/div>\n\t\t\t\t<\/div>\n\t\t\t\t<\/div>\n\t\t\t\t\t<\/div>\n\t\t\t\t<\/div>\n\t\t\t\t<\/div>\n\t\t","protected":false},"excerpt":{"rendered":"<p>Datos de contacto +34 649 96 73 07 info@lagarlospilones.es 29160 Casabermeja, M\u00e1laga (Espa\u00f1a) Cosas pr\u00e1cticas que debes saber La ubicaci\u00f3n de Lagar los Pilones es realmente \u00fanica, cerca de todos los mejores destinos de Andaluc\u00eda, pero al mismo tiempo aislada y hermosa. Se suministran toallas para la playa. As\u00ed tendr\u00e1s espacio en la maleta para [&hellip;]<\/p>\n","protected":false},"author":1,"featured_media":0,"parent":0,"menu_order":0,"comment_status":"closed","ping_status":"closed","template":"","meta":{"footnotes":""},"class_list":["post-5498","page","type-page","status-publish","hentry"],"_links":{"self":[{"href":"https:\/\/lagarlospilones.es\/es\/wp-json\/wp\/v2\/pages\/5498","targetHints":{"allow":["GET"]}}],"collection":[{"href":"https:\/\/lagarlospilones.es\/es\/wp-json\/wp\/v2\/pages"}],"about":[{"href":"https:\/\/lagarlospilones.es\/es\/wp-json\/wp\/v2\/types\/page"}],"author":[{"embeddable":true,"href":"https:\/\/lagarlospilones.es\/es\/wp-json\/wp\/v2\/users\/1"}],"replies":[{"embeddable":true,"href":"https:\/\/lagarlospilones.es\/es\/wp-json\/wp\/v2\/comments?post=5498"}],"version-history":[{"count":1,"href":"https:\/\/lagarlospilones.es\/es\/wp-json\/wp\/v2\/pages\/5498\/revisions"}],"predecessor-version":[{"id":6005,"href":"https:\/\/lagarlospilones.es\/es\/wp-json\/wp\/v2\/pages\/5498\/revisions\/6005"}],"wp:attachment":[{"href":"https:\/\/lagarlospilones.es\/es\/wp-json\/wp\/v2\/media?parent=5498"}],"curies":[{"name":"wp","href":"https:\/\/api.w.org\/{rel}","templated":true}]}}